{"id":1694,"date":"2023-06-08T16:01:41","date_gmt":"2023-06-08T15:01:41","guid":{"rendered":"https:\/\/spssoft.it\/wpnew\/?page_id=1694"},"modified":"2023-06-26T17:24:09","modified_gmt":"2023-06-26T16:24:09","slug":"contatti-2","status":"publish","type":"page","link":"https:\/\/spssoft.it\/index.php\/contatti-2\/","title":{"rendered":"Storia"},"content":{"rendered":"\t\t<div data-elementor-type=\"wp-page\" data-elementor-id=\"1694\" class=\"elementor elementor-1694\">\n\t\t\t\t\t\t<section class=\"elementor-section elementor-top-section elementor-element elementor-element-c31aed1 elementor-section-boxed elementor-section-height-default elementor-section-height-default\" data-id=\"c31aed1\" data-element_type=\"section\" data-e-type=\"section\">\n\t\t\t\t\t\t<div class=\"elementor-container elementor-column-gap-default\">\n\t\t\t\t\t<div class=\"elementor-column elementor-col-100 elementor-top-column elementor-element elementor-element-f9bd7da\" data-id=\"f9bd7da\" data-element_type=\"column\" data-e-type=\"column\">\n\t\t\t<div class=\"elementor-widget-wrap\">\n\t\t\t\t\t\t\t<\/div>\n\t\t<\/div>\n\t\t\t\t\t<\/div>\n\t\t<\/section>\n\t\t\t\t<section class=\"elementor-section elementor-top-section elementor-element elementor-element-1e9d8cd elementor-section-boxed elementor-section-height-default elementor-section-height-default\" data-id=\"1e9d8cd\" data-element_type=\"section\" data-e-type=\"section\">\n\t\t\t\t\t\t<div class=\"elementor-container elementor-column-gap-default\">\n\t\t\t\t\t<div class=\"elementor-column elementor-col-100 elementor-top-column elementor-element elementor-element-a6e6e92\" data-id=\"a6e6e92\" data-element_type=\"column\" data-e-type=\"column\">\n\t\t\t<div class=\"elementor-widget-wrap elementor-element-populated\">\n\t\t\t\t\t\t<div class=\"elementor-element elementor-element-bafd3df elementor-widget elementor-widget-heading\" data-id=\"bafd3df\" data-element_type=\"widget\" data-e-type=\"widget\" data-widget_type=\"heading.default\">\n\t\t\t\t<div class=\"elementor-widget-container\">\n\t\t\t\t\t<h3 class=\"elementor-heading-title elementor-size-default\">Chi siamo<\/h3>\t\t\t\t<\/div>\n\t\t\t\t<\/div>\n\t\t\t\t\t<\/div>\n\t\t<\/div>\n\t\t\t\t\t<\/div>\n\t\t<\/section>\n\t\t\t\t<section class=\"elementor-section elementor-top-section elementor-element elementor-element-63de53b elementor-section-boxed elementor-section-height-default elementor-section-height-default\" data-id=\"63de53b\" data-element_type=\"section\" data-e-type=\"section\">\n\t\t\t\t\t\t<div class=\"elementor-container elementor-column-gap-default\">\n\t\t\t\t\t<div class=\"elementor-column elementor-col-100 elementor-top-column elementor-element elementor-element-2690f5a\" data-id=\"2690f5a\" data-element_type=\"column\" data-e-type=\"column\">\n\t\t\t<div class=\"elementor-widget-wrap elementor-element-populated\">\n\t\t\t\t\t\t<div class=\"elementor-element elementor-element-2933027 elementor-widget elementor-widget-text-editor\" data-id=\"2933027\" data-element_type=\"widget\" data-e-type=\"widget\" data-widget_type=\"text-editor.default\">\n\t\t\t\t<div class=\"elementor-widget-container\">\n\t\t\t\t\t\t\t\t\t<p><b>SPS Studi Professionali Software di Maurizio Calissi<\/b> nasce nei primi anni &#8217;90 come Distributore Autorizzato della <b>OSRA<\/b> di Torino e si afferma da subito come punto di riferimento, per la provincia di Imperia, nella distribuzione ed assistenza di soluzioni software per la gestione integrata e l&#8217;organizzazione degli studi professionali grazie anche all&#8217;alta qualit\u00e0 dei prodotti software forniti dalla OSRA, dalla conoscenza delle tematiche contabili, fiscali e del lavoro proprie dei Commercialisti, Consulenti del lavoro, Associazioni di categoria ed Aziende.<\/p><p><span style=\"font-style: inherit; font-weight: inherit; color: var( --e-global-color-text ); font-family: var( --e-global-typography-text-font-family ), Sans-serif; background-color: var(--ast-global-color-5);\">Le precedenti esperienze lavorative nel mondo <\/span><span style=\"font-style: inherit; color: var( --e-global-color-text ); font-family: var( --e-global-typography-text-font-family ), Sans-serif; background-color: var(--ast-global-color-5);\"><b>OLIVETTI<\/b><\/span><span style=\"font-style: inherit; font-weight: inherit; color: var( --e-global-color-text ); font-family: var( --e-global-typography-text-font-family ), Sans-serif; background-color: var(--ast-global-color-5);\"> hanno permesso alla SPS ed ai suoi collaboratori di apprendere da subito l&#8217;evoluzione informatica che avrebbe rivoluzionato il mondo lavorativo.<\/span><\/p><p><span style=\"font-style: inherit; font-weight: inherit; color: var( --e-global-color-text ); font-family: var( --e-global-typography-text-font-family ), Sans-serif; background-color: var(--ast-global-color-5);\">A partire dal 2001 OSRA di Torino \u00e8 entrata nel gruppo\u00a0<\/span><span style=\"background-color: var(--ast-global-color-5); color: var( --e-global-color-text ); font-family: var( --e-global-typography-text-font-family ), Sans-serif; font-style: inherit;\"><b>WOLTERS KLUWER ITALIA<\/b><\/span><span style=\"background-color: var(--ast-global-color-5); color: var( --e-global-color-text ); font-family: var( --e-global-typography-text-font-family ), Sans-serif; font-style: inherit; font-weight: inherit;\">, leader <\/span><span style=\"font-style: inherit; font-weight: inherit; color: var( --e-global-color-text ); font-family: var( --e-global-typography-text-font-family ), Sans-serif; background-color: var(--ast-global-color-5);\">nel mercato dell&#8217;editoria professionale, del software, della formazione e dei servizi con i marchi IPSOA, CEDAM, UTET Giuridica, UTET Scienze Tecniche, LEGGI D&#8217;ITALIA, il fisco, OA SISTEMI, INDICITALIA e Teknoring.\u00a0<\/span><span style=\"background-color: var(--ast-global-color-5); color: var( --e-global-color-text ); font-family: var( --e-global-typography-text-font-family ), Sans-serif; font-style: inherit; font-weight: inherit;\">Con un&#8217;offerta specializzata, ampia e integrata, che spazia dall&#8217;editoria, alle soluzioni software, ai corsi e agli eventi della Scuola di formazione IPSOA, rappresenta il punto di riferimento per le professioni economiche, giuridiche, tecniche e del lavoro, per le Aziende e la Pubblica Amministrazione.<\/span><\/p><p><span style=\"font-style: inherit; font-weight: inherit; color: var( --e-global-color-text ); font-family: var( --e-global-typography-text-font-family ), Sans-serif; background-color: var(--ast-global-color-5);\">SPS Studi Professionali Software continua il suo cammino con il gruppo Wolters Kluwer unendo<\/span><span style=\"font-style: inherit; font-weight: inherit; color: var( --e-global-color-text ); font-family: var( --e-global-typography-text-font-family ), Sans-serif; background-color: var(--ast-global-color-5);\"> alla competenza specialistica e tecnologica, la capillarit\u00e0 e la qualit\u00e0 del servizio e pone sempre l&#8217;attenzione ad interpretare i rapidi cambiamenti del panorama informatico ed a intercettare le nuove esigenze dei propri target di riferimento.<\/span><\/p><p>L\u2019affidabilit\u00e0, la completezza nelle funzionalit\u00e0, la modularit\u00e0, la flessibilit\u00e0 delle configurazioni, la totale integrazione dei dati in archivio, la facilit\u00e0 d\u2019uso, l\u2019innovazione e la tempestivit\u00e0 nei rilasci, sono da sempre le caratteristiche distintive delle soluzioni informatiche distribuite dalla SPS Studi Professionali Software.<br \/>Oggi tali caratteristiche si sono arricchite della connettivit\u00e0 internet che ne esalta le potenzialit\u00e0 sviluppando la professione anche sul WEB, permettendo al professionista e ai suoi collaboratori la mobilit\u00e0 e la condivisione dei dati con i propri clienti, in tutta sicurezza.<\/p>\t\t\t\t\t\t\t\t<\/div>\n\t\t\t\t<\/div>\n\t\t\t\t\t<\/div>\n\t\t<\/div>\n\t\t\t\t\t<\/div>\n\t\t<\/section>\n\t\t\t\t<section class=\"elementor-section elementor-top-section elementor-element elementor-element-4d154a7 elementor-section-boxed elementor-section-height-default elementor-section-height-default\" data-id=\"4d154a7\" data-element_type=\"section\" data-e-type=\"section\">\n\t\t\t\t\t\t<div class=\"elementor-container elementor-column-gap-default\">\n\t\t\t\t\t<div class=\"elementor-column elementor-col-33 elementor-top-column elementor-element elementor-element-6421b39\" data-id=\"6421b39\" data-element_type=\"column\" data-e-type=\"column\">\n\t\t\t<div class=\"elementor-widget-wrap\">\n\t\t\t\t\t\t\t<\/div>\n\t\t<\/div>\n\t\t\t\t<div class=\"elementor-column elementor-col-33 elementor-top-column elementor-element elementor-element-138bfca\" data-id=\"138bfca\" data-element_type=\"column\" data-e-type=\"column\">\n\t\t\t<div class=\"elementor-widget-wrap elementor-element-populated\">\n\t\t\t\t\t\t<div class=\"elementor-element elementor-element-922087b elementor-widget elementor-widget-image\" data-id=\"922087b\" data-element_type=\"widget\" data-e-type=\"widget\" data-widget_type=\"image.default\">\n\t\t\t\t<div class=\"elementor-widget-container\">\n\t\t\t\t\t\t\t\t\t\t\t\t\t\t\t<img decoding=\"async\" width=\"177\" height=\"106\" src=\"https:\/\/spssoft.it\/wpnew\/wp-content\/uploads\/2023\/05\/cropped-cropped-cropped-LOGO_SPS-trasparente-BLU.png\" class=\"attachment-large size-large wp-image-264\" alt=\"\" \/>\t\t\t\t\t\t\t\t\t\t\t\t\t\t\t<\/div>\n\t\t\t\t<\/div>\n\t\t\t\t\t<\/div>\n\t\t<\/div>\n\t\t\t\t<div class=\"elementor-column elementor-col-33 elementor-top-column elementor-element elementor-element-58bcd2d\" data-id=\"58bcd2d\" data-element_type=\"column\" data-e-type=\"column\">\n\t\t\t<div class=\"elementor-widget-wrap\">\n\t\t\t\t\t\t\t<\/div>\n\t\t<\/div>\n\t\t\t\t\t<\/div>\n\t\t<\/section>\n\t\t\t\t<\/div>\n\t\t","protected":false},"excerpt":{"rendered":"<p>Chi siamo SPS Studi Professionali Software di Maurizio Calissi nasce nei primi anni &#8217;90 come Distributore Autorizzato della OSRA di Torino e si afferma da subito come punto di riferimento, per la provincia di Imperia, nella distribuzione ed assistenza di soluzioni software per la gestione integrata e l&#8217;organizzazione degli studi professionali grazie anche all&#8217;alta qualit\u00e0 [&hellip;]<\/p>\n","protected":false},"author":5,"featured_media":0,"parent":0,"menu_order":0,"comment_status":"closed","ping_status":"closed","template":"","meta":{"site-sidebar-layout":"no-sidebar","site-content-layout":"page-builder","ast-site-content-layout":"default","site-content-style":"default","site-sidebar-style":"default","ast-global-header-display":"","ast-banner-title-visibility":"","ast-main-header-display":"","ast-hfb-above-header-display":"","ast-hfb-below-header-display":"","ast-hfb-mobile-header-display":"","site-post-title":"disabled","ast-breadcrumbs-content":"","ast-featured-img":"disabled","footer-sml-layout":"","ast-disable-related-posts":"","theme-transparent-header-meta":"","adv-header-id-meta":"","stick-header-meta":"","header-above-stick-meta":"","header-main-stick-meta":"","header-below-stick-meta":"","astra-migrate-meta-layouts":"default","ast-page-background-enabled":"default","ast-page-background-meta":{"desktop":{"background-color":"var(--ast-global-color-4)","background-image":"","background-repeat":"repeat","background-position":"center center","background-size":"auto","background-attachment":"scroll","background-type":"","background-media":"","overlay-type":"","overlay-color":"","overlay-opacity":"","overlay-gradient":""},"tablet":{"background-color":"","background-image":"","background-repeat":"repeat","background-position":"center center","background-size":"auto","background-attachment":"scroll","background-type":"","background-media":"","overlay-type":"","overlay-color":"","overlay-opacity":"","overlay-gradient":""},"mobile":{"background-color":"","background-image":"","background-repeat":"repeat","background-position":"center center","background-size":"auto","background-attachment":"scroll","background-type":"","background-media":"","overlay-type":"","overlay-color":"","overlay-opacity":"","overlay-gradient":""}},"ast-content-background-meta":{"desktop":{"background-color":"var(--ast-global-color-5)","background-image":"","background-repeat":"repeat","background-position":"center center","background-size":"auto","background-attachment":"scroll","background-type":"","background-media":"","overlay-type":"","overlay-color":"","overlay-opacity":"","overlay-gradient":""},"tablet":{"background-color":"var(--ast-global-color-5)","background-image":"","background-repeat":"repeat","background-position":"center center","background-size":"auto","background-attachment":"scroll","background-type":"","background-media":"","overlay-type":"","overlay-color":"","overlay-opacity":"","overlay-gradient":""},"mobile":{"background-color":"var(--ast-global-color-5)","background-image":"","background-repeat":"repeat","background-position":"center center","background-size":"auto","background-attachment":"scroll","background-type":"","background-media":"","overlay-type":"","overlay-color":"","overlay-opacity":"","overlay-gradient":""}},"_joinchat":[],"footnotes":""},"class_list":["post-1694","page","type-page","status-publish","hentry"],"_links":{"self":[{"href":"https:\/\/spssoft.it\/index.php\/wp-json\/wp\/v2\/pages\/1694","targetHints":{"allow":["GET"]}}],"collection":[{"href":"https:\/\/spssoft.it\/index.php\/wp-json\/wp\/v2\/pages"}],"about":[{"href":"https:\/\/spssoft.it\/index.php\/wp-json\/wp\/v2\/types\/page"}],"author":[{"embeddable":true,"href":"https:\/\/spssoft.it\/index.php\/wp-json\/wp\/v2\/users\/5"}],"replies":[{"embeddable":true,"href":"https:\/\/spssoft.it\/index.php\/wp-json\/wp\/v2\/comments?post=1694"}],"version-history":[{"count":23,"href":"https:\/\/spssoft.it\/index.php\/wp-json\/wp\/v2\/pages\/1694\/revisions"}],"predecessor-version":[{"id":1897,"href":"https:\/\/spssoft.it\/index.php\/wp-json\/wp\/v2\/pages\/1694\/revisions\/1897"}],"wp:attachment":[{"href":"https:\/\/spssoft.it\/index.php\/wp-json\/wp\/v2\/media?parent=1694"}],"curies":[{"name":"wp","href":"https:\/\/api.w.org\/{rel}","templated":true}]}}